{"id":3992,"date":"2021-10-06T16:00:34","date_gmt":"2021-10-06T16:00:34","guid":{"rendered":"https:\/\/muffinplus.ca\/?page_id=3992"},"modified":"2021-10-06T16:04:13","modified_gmt":"2021-10-06T16:04:13","slug":"notre-histoire","status":"publish","type":"page","link":"https:\/\/muffinplus.ca\/fr\/notre-histoire\/","title":{"rendered":"NOTRE HISTOIRE"},"content":{"rendered":"\t\t<div data-elementor-type=\"wp-page\" data-elementor-id=\"3992\" class=\"elementor elementor-3992 elementor-50\" data-elementor-post-type=\"page\">\n\t\t\t\t\t\t<section class=\"elementor-section elementor-top-section elementor-element elementor-element-9c663dd elementor-section-boxed elementor-section-height-default elementor-section-height-default\" data-id=\"9c663dd\" data-element_type=\"section\" data-e-type=\"section\" data-settings=\"{&quot;background_background&quot;:&quot;classic&quot;,&quot;shape_divider_bottom&quot;:&quot;arrow&quot;}\">\n\t\t\t\t\t<div class=\"elementor-shape elementor-shape-bottom\" aria-hidden=\"true\" data-negative=\"false\">\n\t\t\t<svg xmlns=\"http:\/\/www.w3.org\/2000\/svg\" viewBox=\"0 0 700 10\" preserveAspectRatio=\"none\">\n\t<path class=\"elementor-shape-fill\" d=\"M350,10L340,0h20L350,10z\"\/>\n<\/svg>\t\t<\/div>\n\t\t\t\t\t<div class=\"elementor-container elementor-column-gap-default\">\n\t\t\t\t\t<div class=\"elementor-column elementor-col-100 elementor-top-column elementor-element elementor-element-5f95020\" data-id=\"5f95020\" data-element_type=\"column\" data-e-type=\"column\">\n\t\t\t<div class=\"elementor-widget-wrap elementor-element-populated\">\n\t\t\t\t\t\t<div class=\"elementor-element elementor-element-25c89bc elementor-widget elementor-widget-heading\" data-id=\"25c89bc\" data-element_type=\"widget\" data-e-type=\"widget\" data-widget_type=\"heading.default\">\n\t\t\t\t<div class=\"elementor-widget-container\">\n\t\t\t\t\t<h2 class=\"elementor-heading-title elementor-size-default\">Notre Histoire<\/h2>\t\t\t\t<\/div>\n\t\t\t\t<\/div>\n\t\t\t\t<div class=\"elementor-element elementor-element-1c8575b elementor-widget__width-inherit elementor-widget elementor-widget-text-editor\" data-id=\"1c8575b\" data-element_type=\"widget\" data-e-type=\"widget\" data-widget_type=\"text-editor.default\">\n\t\t\t\t<div class=\"elementor-widget-container\">\n\t\t\t\t\t\t\t\t\t<p>D\u00e9couvrez notre histoire ici \u00e0 Muffin Plus.<\/p>\t\t\t\t\t\t\t\t<\/div>\n\t\t\t\t<\/div>\n\t\t\t\t\t<\/div>\n\t\t<\/div>\n\t\t\t\t\t<\/div>\n\t\t<\/section>\n\t\t\t\t<section class=\"elementor-section elementor-top-section elementor-element elementor-element-f8224b8 elementor-section-boxed elementor-section-height-default elementor-section-height-default\" data-id=\"f8224b8\" data-element_type=\"section\" data-e-type=\"section\">\n\t\t\t\t\t\t<div class=\"elementor-container elementor-column-gap-default\">\n\t\t\t\t\t<div class=\"elementor-column elementor-col-100 elementor-top-column elementor-element elementor-element-5892f90\" data-id=\"5892f90\" data-element_type=\"column\" data-e-type=\"column\">\n\t\t\t<div class=\"elementor-widget-wrap elementor-element-populated\">\n\t\t\t\t\t\t<div class=\"elementor-element elementor-element-bd2adb0 elementor-widget elementor-widget-heading\" data-id=\"bd2adb0\" data-element_type=\"widget\" data-e-type=\"widget\" data-widget_type=\"heading.default\">\n\t\t\t\t<div class=\"elementor-widget-container\">\n\t\t\t\t\t<h2 class=\"elementor-heading-title elementor-size-default\">HISTOIRE ET MISSION <\/h2>\t\t\t\t<\/div>\n\t\t\t\t<\/div>\n\t\t\t\t<div class=\"elementor-element elementor-element-d498548 elementor-widget__width-inherit elementor-widget elementor-widget-text-editor\" data-id=\"d498548\" data-element_type=\"widget\" data-e-type=\"widget\" data-widget_type=\"text-editor.default\">\n\t\t\t\t<div class=\"elementor-widget-container\">\n\t\t\t\t\t\t\t\t\t<p><strong><span class=\"TextRun MacChromeBold BCX0 SCXW171695533\" lang=\"EN-US\" xml:lang=\"EN-US\" data-contrast=\"auto\"><span class=\"NormalTextRun BCX0 SCXW171695533\"><span class=\"TextRun MacChromeBold  BCX0 SCXW199565030\" lang=\"FR-CA\" xml:lang=\"FR-CA\" data-contrast=\"none\"><span class=\"NormalTextRun  BCX0 SCXW199565030\">Fond\u00e9e au Qu\u00e9bec en 1982<\/span><\/span><span class=\"TextRun  BCX0 SCXW199565030\" lang=\"FR-CA\" xml:lang=\"FR-CA\" data-contrast=\"none\"><span class=\"NormalTextRun  BCX0 SCXW199565030\">,<\/span><\/span><\/span><\/span><\/strong><span class=\"TextRun BCX0 SCXW171695533\" lang=\"EN-US\" xml:lang=\"EN-US\" data-contrast=\"auto\"><span class=\"NormalTextRun BCX0 SCXW171695533\"> <span class=\"TextRun  BCX0 SCXW199565030\" lang=\"FR-CA\" xml:lang=\"FR-CA\" data-contrast=\"none\"><span class=\"NormalTextRun  BCX0 SCXW199565030\">Muffin Plus a \u00e9t\u00e9 cr\u00e9\u00e9 \u00e0 l&rsquo;origine avec la tendance actuelle du caf\u00e9 instantan\u00e9 et des produits fra\u00eechement cuits.<\/span><\/span><\/span><\/span><\/p>\t\t\t\t\t\t\t\t<\/div>\n\t\t\t\t<\/div>\n\t\t\t\t<div class=\"elementor-element elementor-element-d9dbb95 elementor-widget elementor-widget-image\" data-id=\"d9dbb95\" data-element_type=\"widget\" data-e-type=\"widget\" data-widget_type=\"image.default\">\n\t\t\t\t<div class=\"elementor-widget-container\">\n\t\t\t\t\t\t\t\t\t\t\t\t\t\t\t<img decoding=\"async\" src=\"https:\/\/b2044912.smushcdn.com\/2044912\/wp-content\/uploads\/elementor\/thumbs\/muffin_3-pb6lkzi99l60d2r5fwrw60atx8t86eozhhy84jm8w8.jpg?lossy=1&strip=1&webp=1\" title=\"muffin_3\" alt=\"Muffin Plus\" loading=\"lazy\" \/>\t\t\t\t\t\t\t\t\t\t\t\t\t\t\t<\/div>\n\t\t\t\t<\/div>\n\t\t\t\t<div class=\"elementor-element elementor-element-7bf336f elementor-widget elementor-widget-image\" data-id=\"7bf336f\" data-element_type=\"widget\" data-e-type=\"widget\" data-widget_type=\"image.default\">\n\t\t\t\t<div class=\"elementor-widget-container\">\n\t\t\t\t\t\t\t\t\t\t\t\t\t\t\t<img fetchpriority=\"high\" decoding=\"async\" width=\"479\" height=\"489\" src=\"https:\/\/b2044912.smushcdn.com\/2044912\/wp-content\/uploads\/2021\/09\/brown-icon-stamp.png?lossy=1&strip=1&webp=1\" class=\"attachment-full size-full wp-image-2743\" alt=\"\" srcset=\"https:\/\/b2044912.smushcdn.com\/2044912\/wp-content\/uploads\/2021\/09\/brown-icon-stamp.png?lossy=1&strip=1&webp=1 479w, https:\/\/b2044912.smushcdn.com\/2044912\/wp-content\/uploads\/2021\/09\/brown-icon-stamp-294x300.png?lossy=1&strip=1&webp=1 294w\" sizes=\"(max-width: 479px) 100vw, 479px\" \/>\t\t\t\t\t\t\t\t\t\t\t\t\t\t\t<\/div>\n\t\t\t\t<\/div>\n\t\t\t\t<div class=\"elementor-element elementor-element-62d21d6 elementor-widget elementor-widget-heading\" data-id=\"62d21d6\" data-element_type=\"widget\" data-e-type=\"widget\" data-widget_type=\"heading.default\">\n\t\t\t\t<div class=\"elementor-widget-container\">\n\t\t\t\t\t<h2 class=\"elementor-heading-title elementor-size-default\">L'histoire <br>continue\n<\/h2>\t\t\t\t<\/div>\n\t\t\t\t<\/div>\n\t\t\t\t<div class=\"elementor-element elementor-element-ebd7bd5 elementor-widget__width-inherit elementor-widget elementor-widget-text-editor\" data-id=\"ebd7bd5\" data-element_type=\"widget\" data-e-type=\"widget\" data-widget_type=\"text-editor.default\">\n\t\t\t\t<div class=\"elementor-widget-container\">\n\t\t\t\t\t\t\t\t\t<p><span data-contrast=\"none\">Au fil des\u00a0ans, Muffin Plus\u00a0est\u00a0devenu\u00a0r\u00e9put\u00e9\u00a0pour\u00a0ses\u00a0muffins frais et\u00a0d\u00e9licieux, et gr\u00e2ce \u00e0\u00a0cet\u00a0atout,\u00a0notre\u00a0banni\u00e8re\u00a0s&rsquo;est\u00a0constamment\u00a0mise \u00e0 jour avec\u00a0une\u00a0vaste\u00a0s\u00e9lection\u00a0d&rsquo;articles\u00a0de menu qui\u00a0offrent\u00a0des repas\u00a0rapides\u00a0et\u00a0sains. Ce qui\u00a0est\u00a0rest\u00e9\u00a0constant,\u00a0c&rsquo;est\u00a0notre\u00a0engagement \u00e0\u00a0toujours\u00a0veiller\u00a0\u00e0\u00a0ce\u00a0que\u00a0nos\u00a0aliments\u00a0soient\u00a0fra\u00eechement\u00a0pr\u00e9par\u00e9s\u00a0et\u00a0pr\u00e9par\u00e9s\u00a0avec des\u00a0ingr\u00e9dients\u00a0de la\u00a0meilleure\u00a0qualit\u00e9.<\/span><span data-ccp-props=\"{}\">\u00a0<\/span><\/p><p><span data-contrast=\"none\">Muffin Plus\u00a0est\u00a0devenu\u00a0la destination de\u00a0milliers\u00a0de clients.\u00a0Offrant\u00a0des options\u00a0alimentaires\u00a0saines simples et\u00a0rapides\u00a0pour le d\u00e9jeuner et la collation.<\/span><span data-ccp-props=\"{}\">\u00a0<\/span><\/p>\t\t\t\t\t\t\t\t<\/div>\n\t\t\t\t<\/div>\n\t\t\t\t<div class=\"elementor-element elementor-element-fa6cdd2 elementor-widget elementor-widget-gallery\" data-id=\"fa6cdd2\" data-element_type=\"widget\" data-e-type=\"widget\" data-settings=\"{&quot;gallery_layout&quot;:&quot;justified&quot;,&quot;ideal_row_height&quot;:{&quot;unit&quot;:&quot;px&quot;,&quot;size&quot;:210,&quot;sizes&quot;:[]},&quot;lazyload&quot;:&quot;yes&quot;,&quot;ideal_row_height_tablet&quot;:{&quot;unit&quot;:&quot;px&quot;,&quot;size&quot;:150,&quot;sizes&quot;:[]},&quot;ideal_row_height_mobile&quot;:{&quot;unit&quot;:&quot;px&quot;,&quot;size&quot;:150,&quot;sizes&quot;:[]},&quot;gap&quot;:{&quot;unit&quot;:&quot;px&quot;,&quot;size&quot;:10,&quot;sizes&quot;:[]},&quot;gap_tablet&quot;:{&quot;unit&quot;:&quot;px&quot;,&quot;size&quot;:10,&quot;sizes&quot;:[]},&quot;gap_mobile&quot;:{&quot;unit&quot;:&quot;px&quot;,&quot;size&quot;:10,&quot;sizes&quot;:[]},&quot;link_to&quot;:&quot;file&quot;,&quot;content_hover_animation&quot;:&quot;fade-in&quot;}\" data-widget_type=\"gallery.default\">\n\t\t\t\t<div class=\"elementor-widget-container\">\n\t\t\t\t\t\t\t<div class=\"elementor-gallery__container\">\n\t\t\t\t\t\t\t<a class=\"e-gallery-item elementor-gallery-item elementor-animated-content\" href=\"https:\/\/b2044912.smushcdn.com\/2044912\/wp-content\/uploads\/2021\/08\/muffin_5.jpg?lossy=1&strip=1&webp=1\" data-elementor-open-lightbox=\"yes\" data-elementor-lightbox-slideshow=\"fa6cdd2\" data-elementor-lightbox-title=\"Muffin Plus Meal Croissant\" data-e-action-hash=\"#elementor-action%3Aaction%3Dlightbox%26settings%3DeyJpZCI6MTIyNCwidXJsIjoiaHR0cHM6XC9cL211ZmZpbnBsdXMuY2FcL3dwLWNvbnRlbnRcL3VwbG9hZHNcLzIwMjFcLzA4XC9tdWZmaW5fNS5qcGciLCJzbGlkZXNob3ciOiJmYTZjZGQyIn0%3D\">\n\t\t\t\t\t<div class=\"e-gallery-image elementor-gallery-item__image\" data-thumbnail=\"https:\/\/b2044912.smushcdn.com\/2044912\/wp-content\/uploads\/2021\/08\/muffin_5.jpg?lossy=1&strip=1&webp=1\" data-width=\"1500\" data-height=\"2251\" aria-label=\"\" role=\"img\" ><\/div>\n\t\t\t\t\t\t\t\t\t\t\t\t\t\t<\/a>\n\t\t\t\t\t\t\t<a class=\"e-gallery-item elementor-gallery-item elementor-animated-content\" href=\"https:\/\/b2044912.smushcdn.com\/2044912\/wp-content\/uploads\/2021\/09\/meal-scaled.jpg?lossy=1&strip=1&webp=1\" data-elementor-open-lightbox=\"yes\" data-elementor-lightbox-slideshow=\"fa6cdd2\" data-elementor-lightbox-title=\"Muffin Plus Salads\" data-e-action-hash=\"#elementor-action%3Aaction%3Dlightbox%26settings%3DeyJpZCI6Mjc0NCwidXJsIjoiaHR0cHM6XC9cL211ZmZpbnBsdXMuY2FcL3dwLWNvbnRlbnRcL3VwbG9hZHNcLzIwMjFcLzA5XC9tZWFsLXNjYWxlZC5qcGciLCJzbGlkZXNob3ciOiJmYTZjZGQyIn0%3D\">\n\t\t\t\t\t<div class=\"e-gallery-image elementor-gallery-item__image\" data-thumbnail=\"https:\/\/b2044912.smushcdn.com\/2044912\/wp-content\/uploads\/2021\/09\/meal-scaled.jpg?lossy=1&strip=1&webp=1\" data-width=\"2406\" data-height=\"2560\" aria-label=\"\" role=\"img\" ><\/div>\n\t\t\t\t\t\t\t\t\t\t\t\t\t\t<\/a>\n\t\t\t\t\t\t\t<a class=\"e-gallery-item elementor-gallery-item elementor-animated-content\" href=\"https:\/\/b2044912.smushcdn.com\/2044912\/wp-content\/uploads\/2021\/08\/homepage-3.jpg?lossy=1&strip=1&webp=1\" data-elementor-open-lightbox=\"yes\" data-elementor-lightbox-slideshow=\"fa6cdd2\" data-elementor-lightbox-title=\"Muffin Plus Muffins\" data-e-action-hash=\"#elementor-action%3Aaction%3Dlightbox%26settings%3DeyJpZCI6MTU2NSwidXJsIjoiaHR0cHM6XC9cL211ZmZpbnBsdXMuY2FcL3dwLWNvbnRlbnRcL3VwbG9hZHNcLzIwMjFcLzA4XC9ob21lcGFnZS0zLmpwZyIsInNsaWRlc2hvdyI6ImZhNmNkZDIifQ%3D%3D\">\n\t\t\t\t\t<div class=\"e-gallery-image elementor-gallery-item__image\" data-thumbnail=\"https:\/\/b2044912.smushcdn.com\/2044912\/wp-content\/uploads\/2021\/08\/homepage-3.jpg?lossy=1&strip=1&webp=1\" data-width=\"2560\" data-height=\"1440\" aria-label=\"\" role=\"img\" ><\/div>\n\t\t\t\t\t\t\t\t\t\t\t\t\t\t<\/a>\n\t\t\t\t\t\t\t<a class=\"e-gallery-item elementor-gallery-item elementor-animated-content\" href=\"https:\/\/b2044912.smushcdn.com\/2044912\/wp-content\/uploads\/2021\/08\/muffin_7.jpg?lossy=1&strip=1&webp=1\" data-elementor-open-lightbox=\"yes\" data-elementor-lightbox-slideshow=\"fa6cdd2\" data-elementor-lightbox-title=\"Muffin Plus Pizzas\" data-e-action-hash=\"#elementor-action%3Aaction%3Dlightbox%26settings%3DeyJpZCI6MTIyMCwidXJsIjoiaHR0cHM6XC9cL211ZmZpbnBsdXMuY2FcL3dwLWNvbnRlbnRcL3VwbG9hZHNcLzIwMjFcLzA4XC9tdWZmaW5fNy5qcGciLCJzbGlkZXNob3ciOiJmYTZjZGQyIn0%3D\">\n\t\t\t\t\t<div class=\"e-gallery-image elementor-gallery-item__image\" data-thumbnail=\"https:\/\/b2044912.smushcdn.com\/2044912\/wp-content\/uploads\/2021\/08\/muffin_7.jpg?lossy=1&strip=1&webp=1\" data-width=\"1080\" data-height=\"1358\" aria-label=\"\" role=\"img\" ><\/div>\n\t\t\t\t\t\t\t\t\t\t\t\t\t\t<\/a>\n\t\t\t\t\t<\/div>\n\t\t\t\t\t<\/div>\n\t\t\t\t<\/div>\n\t\t\t\t\t<\/div>\n\t\t<\/div>\n\t\t\t\t\t<\/div>\n\t\t<\/section>\n\t\t\t\t<section class=\"elementor-section elementor-top-section elementor-element elementor-element-2ff4b5a elementor-section-boxed elementor-section-height-default elementor-section-height-default\" data-id=\"2ff4b5a\" data-element_type=\"section\" data-e-type=\"section\">\n\t\t\t\t\t\t<div class=\"elementor-container elementor-column-gap-default\">\n\t\t\t\t\t<div class=\"elementor-column elementor-col-50 elementor-top-column elementor-element elementor-element-fe635c0\" data-id=\"fe635c0\" data-element_type=\"column\" data-e-type=\"column\">\n\t\t\t<div class=\"elementor-widget-wrap elementor-element-populated\">\n\t\t\t\t\t\t<div class=\"elementor-element elementor-element-f590890 elementor-widget elementor-widget-heading\" data-id=\"f590890\" data-element_type=\"widget\" data-e-type=\"widget\" data-widget_type=\"heading.default\">\n\t\t\t\t<div class=\"elementor-widget-container\">\n\t\t\t\t\t<h2 class=\"elementor-heading-title elementor-size-default\">Maintenant\u2026 <\/h2>\t\t\t\t<\/div>\n\t\t\t\t<\/div>\n\t\t\t\t<div class=\"elementor-element elementor-element-b38a01a elementor-widget__width-inherit elementor-widget elementor-widget-text-editor\" data-id=\"b38a01a\" data-element_type=\"widget\" data-e-type=\"widget\" data-widget_type=\"text-editor.default\">\n\t\t\t\t<div class=\"elementor-widget-container\">\n\t\t\t\t\t\t\t\t\t<p><span class=\"TextRun SCXW258118122 BCX0\" lang=\"EN-CA\" xml:lang=\"EN-CA\" data-contrast=\"none\"><span class=\"NormalTextRun SCXW258118122 BCX0\">Muffin Plus\u00a0<\/span><span class=\"NormalTextRun SpellingErrorV2 SCXW258118122 BCX0\">est<\/span><span class=\"NormalTextRun SCXW258118122 BCX0\">\u00a0<\/span><span class=\"NormalTextRun SpellingErrorV2 SCXW258118122 BCX0\">une<\/span><span class=\"NormalTextRun SCXW258118122 BCX0\">\u00a0marque\u00a0<\/span><span class=\"NormalTextRun SpellingErrorV2 SCXW258118122 BCX0\">embl\u00e9matique<\/span><span class=\"NormalTextRun SCXW258118122 BCX0\">\u00a0<\/span><span class=\"NormalTextRun SpellingErrorV2 SCXW258118122 BCX0\">depuis<\/span><span class=\"NormalTextRun SCXW258118122 BCX0\">\u00a0plus de 30\u00a0<\/span><span class=\"NormalTextRun SpellingErrorV2 SCXW258118122 BCX0\">ans<\/span><span class=\"NormalTextRun SCXW258118122 BCX0\">\u00a0et fait\u00a0<\/span><span class=\"NormalTextRun SpellingErrorV2 SCXW258118122 BCX0\">partie<\/span><span class=\"NormalTextRun SCXW258118122 BCX0\">\u00a0de la\u00a0<\/span><span class=\"NormalTextRun SpellingErrorV2 SCXW258118122 BCX0\">famille<\/span><span class=\"NormalTextRun SCXW258118122 BCX0\">\u00a0MTY\u00a0<\/span><span class=\"NormalTextRun SpellingErrorV2 SCXW258118122 BCX0\">depuis<\/span><span class=\"NormalTextRun SCXW258118122 BCX0\">\u00a02014. Cela a\u00a0<\/span><span class=\"NormalTextRun SpellingErrorV2 SCXW258118122 BCX0\">commenc\u00e9<\/span><span class=\"NormalTextRun SCXW258118122 BCX0\">\u00a0avec la mont\u00e9e\u00a0<\/span><span class=\"NormalTextRun SpellingErrorV2 SCXW258118122 BCX0\">en<\/span><span class=\"NormalTextRun SCXW258118122 BCX0\">\u00a0<\/span><span class=\"NormalTextRun SpellingErrorV2 SCXW258118122 BCX0\">popularit\u00e9<\/span><span class=\"NormalTextRun SCXW258118122 BCX0\">\u00a0des\u00a0<\/span><span class=\"NormalTextRun SpellingErrorV2 SCXW258118122 BCX0\">produits<\/span><span class=\"NormalTextRun SCXW258118122 BCX0\">\u00a0de boulangerie et du caf\u00e9 dans les\u00a0<\/span><span class=\"NormalTextRun SpellingErrorV2 SCXW258118122 BCX0\">ann\u00e9es<\/span><span class=\"NormalTextRun SCXW258118122 BCX0\">\u00a080. Nous\u00a0<\/span><span class=\"NormalTextRun SpellingErrorV2 SCXW258118122 BCX0\">\u00e9voluons<\/span><span class=\"NormalTextRun SCXW258118122 BCX0\">\u00a0<\/span><span class=\"NormalTextRun SpellingErrorV2 SCXW258118122 BCX0\">constamment<\/span><span class=\"NormalTextRun SCXW258118122 BCX0\">\u00a0pour\u00a0<\/span><span class=\"NormalTextRun SpellingErrorV2 SCXW258118122 BCX0\">rester<\/span><span class=\"NormalTextRun SCXW258118122 BCX0\">\u00a0\u00e0 la pointe de la tendance\u00a0<\/span><span class=\"NormalTextRun SpellingErrorV2 SCXW258118122 BCX0\">alimentaire<\/span><span class=\"NormalTextRun SCXW258118122 BCX0\">\u00a0et de la\u00a0<\/span><span class=\"NormalTextRun SpellingErrorV2 SCXW258118122 BCX0\">demande<\/span><span class=\"NormalTextRun SCXW258118122 BCX0\">\u00a0de repas frais et\u00a0<\/span><span class=\"NormalTextRun SpellingErrorV2 SCXW258118122 BCX0\">sains<\/span><span class=\"NormalTextRun SCXW258118122 BCX0\">.\u00a0<\/span><span class=\"NormalTextRun SpellingErrorV2 SCXW258118122 BCX0\">R\u00e9cemment<\/span><span class=\"NormalTextRun SCXW258118122 BCX0\">, nous\u00a0<\/span><span class=\"NormalTextRun SpellingErrorV2 SCXW258118122 BCX0\">avons<\/span><span class=\"NormalTextRun SCXW258118122 BCX0\">\u00a0mis \u00e0 jour\u00a0<\/span><span class=\"NormalTextRun SpellingErrorV2 SCXW258118122 BCX0\">l&rsquo;image<\/span><span class=\"NormalTextRun SCXW258118122 BCX0\">\u00a0de marque\u00a0<\/span><span class=\"NormalTextRun SpellingErrorV2 SCXW258118122 BCX0\">en<\/span><span class=\"NormalTextRun SCXW258118122 BCX0\">\u00a0<\/span><span class=\"NormalTextRun SpellingErrorV2 SCXW258118122 BCX0\">conservant<\/span><span class=\"NormalTextRun SCXW258118122 BCX0\">\u00a0les\u00a0<\/span><span class=\"NormalTextRun SpellingErrorV2 SCXW258118122 BCX0\">\u00e9l\u00e9ments<\/span><span class=\"NormalTextRun SCXW258118122 BCX0\">\u00a0vintages\u00a0<\/span><span class=\"NormalTextRun SpellingErrorV2 SCXW258118122 BCX0\">traditionnels<\/span><span class=\"NormalTextRun SCXW258118122 BCX0\">\u00a0de Muffin Plus et\u00a0<\/span><span class=\"NormalTextRun SpellingErrorV2 SCXW258118122 BCX0\">en<\/span><span class=\"NormalTextRun SCXW258118122 BCX0\">\u00a0la\u00a0<\/span><span class=\"NormalTextRun SpellingErrorV2 SCXW258118122 BCX0\">revigorant<\/span><span class=\"NormalTextRun SCXW258118122 BCX0\">\u00a0avec de nouveaux\u00a0<\/span><span class=\"NormalTextRun SpellingErrorV2 SCXW258118122 BCX0\">\u00e9l\u00e9ments<\/span><span class=\"NormalTextRun SCXW258118122 BCX0\">\u00a0de menu et de nouveaux concepts.\u00a0\u00a0<\/span><\/span><span class=\"EOP SCXW258118122 BCX0\" data-ccp-props=\"{}\">\u00a0<\/span><\/p>\t\t\t\t\t\t\t\t<\/div>\n\t\t\t\t<\/div>\n\t\t\t\t\t<\/div>\n\t\t<\/div>\n\t\t\t\t<div class=\"elementor-column elementor-col-50 elementor-top-column elementor-element elementor-element-4b81e90\" data-id=\"4b81e90\" data-element_type=\"column\" data-e-type=\"column\">\n\t\t\t<div class=\"elementor-widget-wrap elementor-element-populated\">\n\t\t\t\t\t\t<div class=\"elementor-element elementor-element-5c79453 elementor-widget elementor-widget-image\" data-id=\"5c79453\" data-element_type=\"widget\" data-e-type=\"widget\" data-widget_type=\"image.default\">\n\t\t\t\t<div class=\"elementor-widget-container\">\n\t\t\t\t\t\t\t\t\t\t\t\t\t\t\t<img decoding=\"async\" width=\"571\" height=\"579\" src=\"https:\/\/b2044912.smushcdn.com\/2044912\/wp-content\/uploads\/2021\/07\/mp-logo.png?lossy=1&strip=1&webp=1\" class=\"attachment-full size-full wp-image-62\" alt=\"\" \/>\t\t\t\t\t\t\t\t\t\t\t\t\t\t\t<\/div>\n\t\t\t\t<\/div>\n\t\t\t\t\t<\/div>\n\t\t<\/div>\n\t\t\t\t\t<\/div>\n\t\t<\/section>\n\t\t\t\t<\/div>\n\t\t","protected":false},"excerpt":{"rendered":"<p>Notre Histoire D\u00e9couvrez notre histoire ici \u00e0 Muffin Plus. HISTOIRE ET MISSION Fond\u00e9e au Qu\u00e9bec en 1982, Muffin Plus a \u00e9t\u00e9 cr\u00e9\u00e9 \u00e0 l&rsquo;origine avec la tendance actuelle du caf\u00e9 instantan\u00e9 et des produits fra\u00eechement cuits. L&rsquo;histoire continue Au fil des\u00a0ans, Muffin Plus\u00a0est\u00a0devenu\u00a0r\u00e9put\u00e9\u00a0pour\u00a0ses\u00a0muffins frais et\u00a0d\u00e9licieux, et gr\u00e2ce \u00e0\u00a0cet\u00a0atout,\u00a0notre\u00a0banni\u00e8re\u00a0s&rsquo;est\u00a0constamment\u00a0mise \u00e0 jour avec\u00a0une\u00a0vaste\u00a0s\u00e9lection\u00a0d&rsquo;articles\u00a0de menu qui\u00a0offrent\u00a0des repas\u00a0rapides\u00a0et\u00a0sains. Ce [&hellip;]<\/p>\n","protected":false},"author":1,"featured_media":0,"parent":0,"menu_order":0,"comment_status":"closed","ping_status":"closed","template":"","meta":{"_acf_changed":false,"footnotes":""},"class_list":["post-3992","page","type-page","status-publish","hentry"],"acf":[],"_links":{"self":[{"href":"https:\/\/muffinplus.ca\/fr\/wp-json\/wp\/v2\/pages\/3992","targetHints":{"allow":["GET"]}}],"collection":[{"href":"https:\/\/muffinplus.ca\/fr\/wp-json\/wp\/v2\/pages"}],"about":[{"href":"https:\/\/muffinplus.ca\/fr\/wp-json\/wp\/v2\/types\/page"}],"author":[{"embeddable":true,"href":"https:\/\/muffinplus.ca\/fr\/wp-json\/wp\/v2\/users\/1"}],"replies":[{"embeddable":true,"href":"https:\/\/muffinplus.ca\/fr\/wp-json\/wp\/v2\/comments?post=3992"}],"version-history":[{"count":0,"href":"https:\/\/muffinplus.ca\/fr\/wp-json\/wp\/v2\/pages\/3992\/revisions"}],"wp:attachment":[{"href":"https:\/\/muffinplus.ca\/fr\/wp-json\/wp\/v2\/media?parent=3992"}],"curies":[{"name":"wp","href":"https:\/\/api.w.org\/{rel}","templated":true}]}}